{"id":257,"date":"2020-09-21T11:24:20","date_gmt":"2020-09-21T09:24:20","guid":{"rendered":"http:\/\/s16web0023.peakserver.net\/?page_id=257"},"modified":"2020-12-30T13:10:47","modified_gmt":"2020-12-30T12:10:47","slug":"criteres","status":"publish","type":"page","link":"https:\/\/fondation-jumelles.ch\/fr\/prix-jumelles\/criteres\/","title":{"rendered":"Crit\u00e8res"},"content":{"rendered":"\n<p>Les crit\u00e8res suivants seront utilis\u00e9s pour juger des nominations\/distinctions :<\/p>\n\n\n\n<h3>1. L\u2019intelligence de la main<\/h3>\n\n\n\n<ul><li>r\u00e9alisations avec des outils traditionnels ou des techniques anciennes ou des mat\u00e9riaux classiques et une mise en \u0153uvre contemporaine<\/li><li>clart\u00e9 du design et de l\u2019esth\u00e9tique<\/li><li>intemporalit\u00e9 (non soumis \u00e0 une tendance de mode)<\/li><li>fonctionnalit\u00e9<\/li><li>ad\u00e9quation entre le design, les mat\u00e9riaux et la technique utilis\u00e9e<\/li><li>durabilit\u00e9 (stable \u00e0 long terme, aspect \u00e9cologique)<\/li><\/ul>\n\n\n\n<h3>2. Le transfert du savoir-faire<\/h3>\n\n\n\n<ul><li>transmission manifeste couronn\u00e9e de succ\u00e8s du savoir-faire sp\u00e9cifique et de l\u2019habilet\u00e9 dans un m\u00e9tier artisanal sur la base des travaux des apprenants ou d\u2019un mat\u00e9riel p\u00e9dagogique<\/li><li>r\u00e9alisations avec des outils traditionnels ou des techniques anciennes ou des mat\u00e9riaux classiques et une mise en \u0153uvre contemporaine<\/li><li>cr\u00e9ation d\u2019un environnement qui favorise la cr\u00e9ativit\u00e9 des apprenants et qui stimule l\u2019apprentissage des connaissances de base d\u2019un m\u00e9tier artisanal<\/li><li>comportement exemplaire (mod\u00e8le \u00e0 suivre) et engagement total pour la rel\u00e8ve avec r\u00e9sultats correspondants<\/li><\/ul>\n\n\n\n<p><\/p>\n","protected":false},"excerpt":{"rendered":"<p>Les crit\u00e8res suivants seront utilis\u00e9s pour juger des nominations\/distinctions : 1. L\u2019intelligence de la main r\u00e9alisations avec des outils traditionnels ou des techniques anciennes ou des mat\u00e9riaux classiques et une mise en \u0153uvre contemporaine clart\u00e9 du design et de l\u2019esth\u00e9tique intemporalit\u00e9 (non soumis \u00e0 une tendance de mode) fonctionnalit\u00e9 ad\u00e9quation entre le design, les mat\u00e9riaux<a class=\"excerpt-read-more\" href=\"https:\/\/fondation-jumelles.ch\/fr\/prix-jumelles\/criteres\/\" title=\"ReadCrit\u00e8res\">&#8230; Read more &raquo;<\/a><\/p>\n","protected":false},"author":1,"featured_media":0,"parent":251,"menu_order":1,"comment_status":"closed","ping_status":"closed","template":"template-full-width.php","meta":{"_links_to":"","_links_to_target":""},"_links":{"self":[{"href":"https:\/\/fondation-jumelles.ch\/fr\/wp-json\/wp\/v2\/pages\/257"}],"collection":[{"href":"https:\/\/fondation-jumelles.ch\/fr\/wp-json\/wp\/v2\/pages"}],"about":[{"href":"https:\/\/fondation-jumelles.ch\/fr\/wp-json\/wp\/v2\/types\/page"}],"author":[{"embeddable":true,"href":"https:\/\/fondation-jumelles.ch\/fr\/wp-json\/wp\/v2\/users\/1"}],"replies":[{"embeddable":true,"href":"https:\/\/fondation-jumelles.ch\/fr\/wp-json\/wp\/v2\/comments?post=257"}],"version-history":[{"count":3,"href":"https:\/\/fondation-jumelles.ch\/fr\/wp-json\/wp\/v2\/pages\/257\/revisions"}],"predecessor-version":[{"id":673,"href":"https:\/\/fondation-jumelles.ch\/fr\/wp-json\/wp\/v2\/pages\/257\/revisions\/673"}],"up":[{"embeddable":true,"href":"https:\/\/fondation-jumelles.ch\/fr\/wp-json\/wp\/v2\/pages\/251"}],"wp:attachment":[{"href":"https:\/\/fondation-jumelles.ch\/fr\/wp-json\/wp\/v2\/media?parent=257"}],"curies":[{"name":"wp","href":"https:\/\/api.w.org\/{rel}","templated":true}]}}