{"id":253,"date":"2020-09-21T11:23:11","date_gmt":"2020-09-21T09:23:11","guid":{"rendered":"http:\/\/s16web0023.peakserver.net\/?page_id=253"},"modified":"2020-11-09T09:18:54","modified_gmt":"2020-11-09T08:18:54","slug":"le-prix-jumelles","status":"publish","type":"page","link":"https:\/\/fondation-jumelles.ch\/fr\/prix-jumelles\/le-prix-jumelles\/","title":{"rendered":"Le Prix Jumelles"},"content":{"rendered":"\n<p>La Fondation a pour objectif de mettre au concours le Prix Jumelles sur le plan national en r\u00e8gle g\u00e9n\u00e9ral tous les deux ans et de le d\u00e9cerner afin d\u2019attirer l\u2019attention sur ce qui est possible dans l\u2019artisanat suisse actuel.<\/p>\n\n\n\n<p>Deux prix d\u2019une valeur de CHF 10\u2019000.\u2013 chacun sont \u00e0 disposition:<\/p>\n\n\n\n<ul><li>Pour l\u2019\u0153uvre \u2013 \u201eL\u2019INTELLIGENCE DE LA MAIN\u201c et<\/li><li>Pour la trasmission \u2013 \u201eLE TRANSFERT DU SAVOIR-FAIRE\u201c.<\/li><\/ul>\n\n\n\n<p>Seront retenus et r\u00e9compens\u00e9s d\u2019une part les artisans et cr\u00e9atrices qui utilisent pour leurs r\u00e9alisations des mat\u00e9riaux traditionnels d\u2019une mani\u00e8re intelligente et astucieuse; d\u2019autre part les artisanes et cr\u00e9ateurs qui se sont profil\u00e9s dans la transmission de leur savoir-faire.<\/p>\n","protected":false},"excerpt":{"rendered":"<p>La Fondation a pour objectif de mettre au concours le Prix Jumelles sur le plan national en r\u00e8gle g\u00e9n\u00e9ral tous les deux ans et de le d\u00e9cerner afin d\u2019attirer l\u2019attention sur ce qui est possible dans l\u2019artisanat suisse actuel. Deux prix d\u2019une valeur de CHF 10\u2019000.\u2013 chacun sont \u00e0 disposition: Pour l\u2019\u0153uvre \u2013 \u201eL\u2019INTELLIGENCE DE<a class=\"excerpt-read-more\" href=\"https:\/\/fondation-jumelles.ch\/fr\/prix-jumelles\/le-prix-jumelles\/\" title=\"ReadLe Prix Jumelles\">&#8230; Read more &raquo;<\/a><\/p>\n","protected":false},"author":1,"featured_media":0,"parent":251,"menu_order":0,"comment_status":"closed","ping_status":"closed","template":"template-full-width.php","meta":{"_links_to":"","_links_to_target":""},"_links":{"self":[{"href":"https:\/\/fondation-jumelles.ch\/fr\/wp-json\/wp\/v2\/pages\/253"}],"collection":[{"href":"https:\/\/fondation-jumelles.ch\/fr\/wp-json\/wp\/v2\/pages"}],"about":[{"href":"https:\/\/fondation-jumelles.ch\/fr\/wp-json\/wp\/v2\/types\/page"}],"author":[{"embeddable":true,"href":"https:\/\/fondation-jumelles.ch\/fr\/wp-json\/wp\/v2\/users\/1"}],"replies":[{"embeddable":true,"href":"https:\/\/fondation-jumelles.ch\/fr\/wp-json\/wp\/v2\/comments?post=253"}],"version-history":[{"count":2,"href":"https:\/\/fondation-jumelles.ch\/fr\/wp-json\/wp\/v2\/pages\/253\/revisions"}],"predecessor-version":[{"id":348,"href":"https:\/\/fondation-jumelles.ch\/fr\/wp-json\/wp\/v2\/pages\/253\/revisions\/348"}],"up":[{"embeddable":true,"href":"https:\/\/fondation-jumelles.ch\/fr\/wp-json\/wp\/v2\/pages\/251"}],"wp:attachment":[{"href":"https:\/\/fondation-jumelles.ch\/fr\/wp-json\/wp\/v2\/media?parent=253"}],"curies":[{"name":"wp","href":"https:\/\/api.w.org\/{rel}","templated":true}]}}