{"id":241,"date":"2020-09-21T11:18:02","date_gmt":"2020-09-21T09:18:02","guid":{"rendered":"http:\/\/s16web0023.peakserver.net\/?page_id=241"},"modified":"2021-01-02T08:16:22","modified_gmt":"2021-01-02T07:16:22","slug":"but-de-la-fondation","status":"publish","type":"page","link":"https:\/\/fondation-jumelles.ch\/fr\/portrait\/but-de-la-fondation\/","title":{"rendered":"But de la fondation"},"content":{"rendered":"\n<p>La Fondation Jumelles<\/p>\n\n\n\n<ul><li>encourage sur le plan national et en \u00e9troite collaboration avec le <a href=\"http:\/\/www.ballenbergkurse.ch\/\">Centre de cours Ballenberg<\/a> la mise en \u0153uvre et la cr\u00e9ation contemporaine avec des techniques artisanales traditionnelles et des mat\u00e9riaux classiques;<\/li><li>soutient en particulier la rel\u00e8ve \u0153uvrant dans l\u2019artisanat \u2013 devenu rare \u2013 en apportant une aide financi\u00e8re aux cours sp\u00e9cifiques propos\u00e9s par le Centre de cours Ballenberg et destin\u00e9s aux futurs professionnels;<\/li><li>attribue p\u00e9riodiquement des prix d\u2019encouragement afin de couronner des travaux d\u2019excellence durables en raison de la technique et des mat\u00e9riaux utilis\u00e9s et non soumis \u00e0 une tendance ou une mode;<\/li><li>rend possible \u2013 en particulier pour les jeunes espoirs \u2013 des s\u00e9jours cr\u00e9atifs en Provence, un \u00e9change de savoir-faire et d\u2019exp\u00e9rience ainsi qu\u2019un dialogue autour du patrimoine culturel fran\u00e7ais correspondant;<\/li><li>a un caract\u00e8re d\u2019int\u00e9r\u00eat publique et ne poursuit aucun but lucratif;<\/li><li>ne soutient que des projets sp\u00e9cialement s\u00e9lectionn\u00e9s &#8211; aucune demande ne sera prise en consid\u00e9ration.<\/li><\/ul>\n","protected":false},"excerpt":{"rendered":"<p>La Fondation Jumelles encourage sur le plan national et en \u00e9troite collaboration avec le Centre de cours Ballenberg la mise en \u0153uvre et la cr\u00e9ation contemporaine avec des techniques artisanales traditionnelles et des mat\u00e9riaux classiques; soutient en particulier la rel\u00e8ve \u0153uvrant dans l\u2019artisanat \u2013 devenu rare \u2013 en apportant une aide financi\u00e8re aux cours sp\u00e9cifiques<a class=\"excerpt-read-more\" href=\"https:\/\/fondation-jumelles.ch\/fr\/portrait\/but-de-la-fondation\/\" title=\"ReadBut de la fondation\">&#8230; Read more &raquo;<\/a><\/p>\n","protected":false},"author":1,"featured_media":0,"parent":302,"menu_order":0,"comment_status":"closed","ping_status":"closed","template":"template-full-width.php","meta":{"_links_to":"","_links_to_target":""},"_links":{"self":[{"href":"https:\/\/fondation-jumelles.ch\/fr\/wp-json\/wp\/v2\/pages\/241"}],"collection":[{"href":"https:\/\/fondation-jumelles.ch\/fr\/wp-json\/wp\/v2\/pages"}],"about":[{"href":"https:\/\/fondation-jumelles.ch\/fr\/wp-json\/wp\/v2\/types\/page"}],"author":[{"embeddable":true,"href":"https:\/\/fondation-jumelles.ch\/fr\/wp-json\/wp\/v2\/users\/1"}],"replies":[{"embeddable":true,"href":"https:\/\/fondation-jumelles.ch\/fr\/wp-json\/wp\/v2\/comments?post=241"}],"version-history":[{"count":3,"href":"https:\/\/fondation-jumelles.ch\/fr\/wp-json\/wp\/v2\/pages\/241\/revisions"}],"predecessor-version":[{"id":702,"href":"https:\/\/fondation-jumelles.ch\/fr\/wp-json\/wp\/v2\/pages\/241\/revisions\/702"}],"up":[{"embeddable":true,"href":"https:\/\/fondation-jumelles.ch\/fr\/wp-json\/wp\/v2\/pages\/302"}],"wp:attachment":[{"href":"https:\/\/fondation-jumelles.ch\/fr\/wp-json\/wp\/v2\/media?parent=241"}],"curies":[{"name":"wp","href":"https:\/\/api.w.org\/{rel}","templated":true}]}}